{"id":451,"date":"2020-04-01T15:06:31","date_gmt":"2020-04-01T15:06:31","guid":{"rendered":"https:\/\/carsail.de\/?page_id=451"},"modified":"2023-08-07T10:52:45","modified_gmt":"2023-08-07T10:52:45","slug":"impressum","status":"publish","type":"page","link":"https:\/\/carsail.de\/en\/impressum\/","title":{"rendered":"Imprint"},"content":{"rendered":"<div data-elementor-type=\"wp-page\" data-elementor-id=\"451\" class=\"elementor elementor-451\" data-elementor-post-type=\"page\">\n\t\t\t\t\t\t<section class=\"elementor-section elementor-top-section elementor-element elementor-element-13cd1a0 elementor-section-boxed elementor-section-height-default elementor-section-height-default\" data-id=\"13cd1a0\" data-element_type=\"section\" data-e-type=\"section\">\n\t\t\t\t\t\t<div class=\"elementor-container elementor-column-gap-default\">\n\t\t\t\t\t<div class=\"elementor-column elementor-col-100 elementor-top-column elementor-element elementor-element-9b7514d\" data-id=\"9b7514d\" data-element_type=\"column\" data-e-type=\"column\">\n\t\t\t<div class=\"elementor-widget-wrap elementor-element-populated\">\n\t\t\t\t\t\t<div class=\"elementor-element elementor-element-56782bb elementor-widget elementor-widget-heading\" data-id=\"56782bb\" data-element_type=\"widget\" data-e-type=\"widget\" data-widget_type=\"heading.default\">\n\t\t\t\t<div class=\"elementor-widget-container\">\n\t\t\t\t\t<h2 class=\"elementor-heading-title elementor-size-default\">Imprint<\/h2>\t\t\t\t<\/div>\n\t\t\t\t<\/div>\n\t\t\t\t\t<\/div>\n\t\t<\/div>\n\t\t\t\t\t<\/div>\n\t\t<\/section>\n\t\t\t\t<section class=\"elementor-section elementor-top-section elementor-element elementor-element-b20a55b elementor-section-boxed elementor-section-height-default elementor-section-height-default\" data-id=\"b20a55b\" data-element_type=\"section\" data-e-type=\"section\">\n\t\t\t\t\t\t<div class=\"elementor-container elementor-column-gap-default\">\n\t\t\t\t\t<div class=\"elementor-column elementor-col-100 elementor-top-column elementor-element elementor-element-607392f\" data-id=\"607392f\" data-element_type=\"column\" data-e-type=\"column\">\n\t\t\t<div class=\"elementor-widget-wrap elementor-element-populated\">\n\t\t\t\t\t\t<div class=\"elementor-element elementor-element-bdd3d2d elementor-widget elementor-widget-text-editor\" data-id=\"bdd3d2d\" data-element_type=\"widget\" data-e-type=\"widget\" data-widget_type=\"text-editor.default\">\n\t\t\t\t<div class=\"elementor-widget-container\">\n\t\t\t\t\t\t\t\t\t<p>GHV GmbH<br \/>Gerd Gerstmayer , Sascha Gerstmayer<br \/>Augsburger-Str. 27 b<br \/>89331 Burgau<\/p><p>VAT ID No.: DE 813597938<br \/>Telephone: +49 (0) 8222 | 2997<br \/>E-Mail: info@carsail.de<\/p><p>Web:\u00a0www.carsail.de<\/p><p>Contact<\/p><p>Gerd Gerstmayer<\/p><p>\u00a0<\/p><p>Disclaimer<\/p><p>1. Content of the online offer<\/p><p>The author accepts no responsibility for the topicality, correctness, completeness or quality of the information provided. Liability claims vis-a-vis the author relating to material or non-material damage caused by the use or non-use of the information provided or by the use of incorrect or incomplete information are excluded as a matter of principle, insofar as there is no demonstrably intentional or grossly negligent fault on the part of the author.<\/p><p>All offers are subject to change and are to be considered non-binding.\nThe author expressly reserves the right to change, supplement or delete parts of the pages or the entire website without prior notice, or to cease publication, either temporarily or permanently.<\/p><p>\u00a0<\/p><p>2. References and links<\/p><p>Bei direkten oder indirekten Verweisen auf fremde Webseiten (&#8222;Hyperlinks&#8220;), die au\u00dferhalb des Verantwortungsbereiches des Autors liegen, w\u00fcrde eine Haftungsverpflichtung ausschlie\u00dflich in dem Fall in Kraft treten, in dem der Autor von den Inhalten Kenntnis hat und es ihm technisch m\u00f6glich und zumutbar w\u00e4re, die Nutzung im Falle rechtswidriger Inhalte zu verhindern.<\/p><p>The author hereby expressly declares that, at the time the links were created, no illegal content was discernible on the linked pages. The author has no influence on the current and future design, content or authorship of said linked pages. For this reason, he hereby expressly distances himself from all contents found on said linked pages that were changed after the link was created. This statement applies to all links and references created within the author\u2019s own website, as well as to external entries in guest books, discussion forums and mailing lists set up by the author. For illegal, incorrect or incomplete content and, in particular, for damages arising from the use or non-use of such information, the provider of the page to which reference is made shall be held solely liable, and not the party who merely refers to the respective publication via links.<\/p><p>\u00a0<\/p><p>3. Copyright and trademark law<\/p><p>The author endeavours to observe the copyright of those graphics, sound documents, video sequences and texts used in all publications, to use graphics, sound documents, video sequences and texts created by himself, or to use licence-free graphics, sound documents, video sequences and texts.<\/p><p>All brand names and trademarks mentioned on the website and potentially protected by third parties are subject without restriction to the provisions of the applicable trademark law and the ownership rights of the respective registered owners. The mere mention of a trademark does not mean that it is not protected by the rights of third parties!\nThe copyright for published items created by the author himself remains solely with the author of the pages. Any duplication or use of said items \u2013 such as diagrams, sounds or texts in other electronic or printed publications \u2013 is not permitted without the author\u2019s expressed agreement.<\/p><p>\u00a0<\/p><p>4. Data protection<\/p><p>If the opportunity for the input of personal or business data (email addresses, name, addresses) is provided, the inputting of said data takes place voluntarily. The use and payment of all offered services are permitted \u2013 if and so far technically possible and reasonable \u2013 without specification of any personal data or under specification of anonymised data or an alias. The use of contact data \u2013 such as postal address, telephone and fax numbers, as well as email addresses published in the imprint or comparable information by third parties \u2013 for the purpose of sending information that has not been expressly requested, is not permitted. We expressly reserve the right to take legal action against the senders of so-called spam mails in the event of a violation of this prohibition.<\/p><p>\u00a0<\/p><p>5. Legal validity of this disclaimer<\/p><p>This disclaimer is to be regarded as part of the internet offering from which reference is made to this presence.\nIf sections or individual terms of this statement are deemed not to be legal or correct, the content or validity of the other parts shall remain unaffected by this fact.<\/p><p>\u00a0<\/p>\t\t\t\t\t\t\t\t<\/div>\n\t\t\t\t<\/div>\n\t\t\t\t\t<\/div>\n\t\t<\/div>\n\t\t\t\t\t<\/div>\n\t\t<\/section>\n\t\t\t\t<\/div>","protected":false},"excerpt":{"rendered":"<p>Impressum GHV GmbHGerd Gerstmayer , Sascha GerstmayerAugsburger-Str. 27 b89331 Burgau USt-Id: DE 813597938Telefon: 08222 | 2997E-Mail: info@carsail.de Web:\u00a0www.carsail.de ANSPRECHPARTNER Gerd Gerstmayer \u00a0 HAFTUNGSAUSSCHLUSS 1. INHALT DES ONLINEANGEBOTES Der Autor \u00fcbernimmt keinerlei Gew\u00e4hr f\u00fcr die Aktualit\u00e4t, Korrektheit, Vollst\u00e4ndigkeit oder Qualit\u00e4t der bereitgestellten Informationen. Haftungsanspr\u00fcche gegen den Autor, welche sich auf Sch\u00e4den materieller oder ideeller Art beziehen, [&hellip;]<\/p>\n","protected":false},"author":1,"featured_media":0,"parent":0,"menu_order":0,"comment_status":"closed","ping_status":"closed","template":"","meta":{"footnotes":""},"class_list":["post-451","page","type-page","status-publish","hentry","entry","owp-thumbs-layout-horizontal","owp-btn-normal","owp-tabs-layout-horizontal","has-no-thumbnails"],"_links":{"self":[{"href":"https:\/\/carsail.de\/en\/wp-json\/wp\/v2\/pages\/451","targetHints":{"allow":["GET"]}}],"collection":[{"href":"https:\/\/carsail.de\/en\/wp-json\/wp\/v2\/pages"}],"about":[{"href":"https:\/\/carsail.de\/en\/wp-json\/wp\/v2\/types\/page"}],"author":[{"embeddable":true,"href":"https:\/\/carsail.de\/en\/wp-json\/wp\/v2\/users\/1"}],"replies":[{"embeddable":true,"href":"https:\/\/carsail.de\/en\/wp-json\/wp\/v2\/comments?post=451"}],"version-history":[{"count":9,"href":"https:\/\/carsail.de\/en\/wp-json\/wp\/v2\/pages\/451\/revisions"}],"predecessor-version":[{"id":1853,"href":"https:\/\/carsail.de\/en\/wp-json\/wp\/v2\/pages\/451\/revisions\/1853"}],"wp:attachment":[{"href":"https:\/\/carsail.de\/en\/wp-json\/wp\/v2\/media?parent=451"}],"curies":[{"name":"wp","href":"https:\/\/api.w.org\/{rel}","templated":true}]}}