{"id":456,"date":"2020-04-01T15:09:03","date_gmt":"2020-04-01T15:09:03","guid":{"rendered":"https:\/\/carsail.de\/?page_id=456"},"modified":"2023-08-07T10:42:12","modified_gmt":"2023-08-07T10:42:12","slug":"datenschutz","status":"publish","type":"page","link":"https:\/\/carsail.de\/en\/datenschutz\/","title":{"rendered":"Data protection"},"content":{"rendered":"<div data-elementor-type=\"wp-page\" data-elementor-id=\"456\" class=\"elementor elementor-456\" data-elementor-post-type=\"page\">\n\t\t\t\t\t\t<section class=\"elementor-section elementor-top-section elementor-element elementor-element-5bfd3fa elementor-section-boxed elementor-section-height-default elementor-section-height-default\" data-id=\"5bfd3fa\" data-element_type=\"section\" data-e-type=\"section\">\n\t\t\t\t\t\t<div class=\"elementor-container elementor-column-gap-default\">\n\t\t\t\t\t<div class=\"elementor-column elementor-col-100 elementor-top-column elementor-element elementor-element-5c256e8\" data-id=\"5c256e8\" data-element_type=\"column\" data-e-type=\"column\">\n\t\t\t<div class=\"elementor-widget-wrap elementor-element-populated\">\n\t\t\t\t\t\t<div class=\"elementor-element elementor-element-0790460 elementor-widget elementor-widget-heading\" data-id=\"0790460\" data-element_type=\"widget\" data-e-type=\"widget\" data-widget_type=\"heading.default\">\n\t\t\t\t<div class=\"elementor-widget-container\">\n\t\t\t\t\t<h2 class=\"elementor-heading-title elementor-size-default\">Data protection policy<\/h2>\t\t\t\t<\/div>\n\t\t\t\t<\/div>\n\t\t\t\t\t<\/div>\n\t\t<\/div>\n\t\t\t\t\t<\/div>\n\t\t<\/section>\n\t\t\t\t<section class=\"elementor-section elementor-top-section elementor-element elementor-element-02e763d elementor-section-boxed elementor-section-height-default elementor-section-height-default\" data-id=\"02e763d\" data-element_type=\"section\" data-e-type=\"section\">\n\t\t\t\t\t\t<div class=\"elementor-container elementor-column-gap-default\">\n\t\t\t\t\t<div class=\"elementor-column elementor-col-100 elementor-top-column elementor-element elementor-element-4ed59c8\" data-id=\"4ed59c8\" data-element_type=\"column\" data-e-type=\"column\">\n\t\t\t<div class=\"elementor-widget-wrap elementor-element-populated\">\n\t\t\t\t\t\t<div class=\"elementor-element elementor-element-ecb2cd4 elementor-widget elementor-widget-text-editor\" data-id=\"ecb2cd4\" data-element_type=\"widget\" data-e-type=\"widget\" data-widget_type=\"text-editor.default\">\n\t\t\t\t<div class=\"elementor-widget-container\">\n\t\t\t\t\t\t\t\t\t<p class=\"p1\"><span class=\"s1\">At GHV GmbH, the protection of personal data is taken very seriously. We treat personal data with absolute confidentiality and in accordance with the statutory data protection regulations and this data protection declaration.\nWith the following text, we would like to inform you about the type, scope and purpose of the collection and use of personal data on our website.<\/span><\/p><p class=\"p1\"><span class=\"s1\">Data collection and logging<br \/>In order to optimise our website, we collect and store data \u2013 such as the date and time of the page view, the page from which you accessed our site and similar data. This is done anonymously without personally identifying the user of the site.\nWhere applicable, user profiles are created by means of a pseudonym.\nHere, too, there is no connection between the natural person behind the pseudonym and the collected usage data. We also use cookies to collect and store the usage data.\nThese are small text files that are stored on your computer and are used to store statistical information such as the operating system, your internet usage programme (browser), IP address, the previously accessed website (referrer URL) and the time.\nWe collect this data exclusively for statistical purposes, in order to further optimise our Internet presence and to be able to make our Internet offers even more appealing to you. \nThe data is collected and stored exclusively in anonymised (or pseudonymised) form and does not allow any conclusions to be drawn about you as a natural person.<\/span><\/p><p class=\"p1\"><span class=\"s1\">Collection of further data<br \/>If you do not use the forms offered for contacting us, no further data collection will take place. \nIf you use a web form offered by us and provide us with personal data or contact us by email, we will collect, process and use your personal data solely for the purpose of processing your enquiry.<\/span><\/p><p class=\"p1\"><span class=\"s1\">Cookies<br \/><\/span><\/p><p>Zur Verwaltung der eingesetzten Cookies und &auml;hnlichen Technologien (Tracking-Pixel, Web-Beacons etc.) und diesbez&uuml;glicher Einwilligungen setzen wir das Consent Tool &bdquo;Real Cookie Banner&ldquo; ein. Details zur Funktionsweise von &bdquo;Real Cookie Banner&ldquo; findest du unter &lt;a href=&quot;\/en\/&ldquo;https:\/\/devowl.io\/de\/rcb\/datenverarbeitung\/&ldquo;\/&quot; rel=&quot;&ldquo;noreferrer&ldquo;&quot; target=&quot;&ldquo;_blank&ldquo;&quot;&gt;https:\/\/devowl.io\/de\/rcb\/datenverarbeitung\/&lt;\/a&gt;.<\/p><p>The legal basis for the processing of personal data in this context is Art. 6 (1) (c) GDPR and Art. 6 (1) (f) GDPR. Our legitimate interest is the management of the cookies and similar technologies used and the relevant consents.<\/p><p>The provision of personal data is neither contractually required nor necessary for the conclusion of a contract. You are not obliged to provide the personal data. If you do not provide the personal data, we cannot manage your consents.<\/p><p class=\"p1\"><span class=\"s1\">Right to the disclosure of information and revocation<br \/>You can obtain information about the data we have stored concerning you at any time without having to give a reason.\nYou can have any data collected by us about you blocked, corrected or deleted at any time. \nYou can also revoke the consent you have given to us for the collection and use of data at any time without stating a reason.\nFor this purpose, or should you have any further questions, please contact the address given in the imprint. <\/span><\/p><p class=\"p1\"><span class=\"s1\">Please note that data protection regulations and data protection practices, e.g. at Google, are subject to constant change.\nIt is, therefore, advisable and necessary to keep up-to-date with changes in legal provisions and the practices of companies, e.g. Google.<\/span><\/p>\t\t\t\t\t\t\t\t<\/div>\n\t\t\t\t<\/div>\n\t\t\t\t\t<\/div>\n\t\t<\/div>\n\t\t\t\t\t<\/div>\n\t\t<\/section>\n\t\t\t\t<\/div>","protected":false},"excerpt":{"rendered":"<p>Datenschutzerkl\u00e4rung Bei der Firma GHV GmbH wird der Schutz pers\u00f6nlichen Daten sehr ernst genommen. Wir behandeln personenbezogene Daten absolut vertraulich und entsprechend der gesetzlichen Datenschutzvorschriften sowie dieser Datenschutzerkl\u00e4rung. Mit dem nachfolgenden Text m\u00f6chten wir Sie \u00fcber die Art, den Umfang und die Zwecke der Erhebung und Verwendung personenbezogener Daten auf unserer Webseite informieren. Datenerhebung und [&hellip;]<\/p>\n","protected":false},"author":1,"featured_media":0,"parent":0,"menu_order":0,"comment_status":"closed","ping_status":"closed","template":"","meta":{"footnotes":""},"class_list":["post-456","page","type-page","status-publish","hentry","entry","owp-thumbs-layout-horizontal","owp-btn-normal","owp-tabs-layout-horizontal","has-no-thumbnails"],"_links":{"self":[{"href":"https:\/\/carsail.de\/en\/wp-json\/wp\/v2\/pages\/456","targetHints":{"allow":["GET"]}}],"collection":[{"href":"https:\/\/carsail.de\/en\/wp-json\/wp\/v2\/pages"}],"about":[{"href":"https:\/\/carsail.de\/en\/wp-json\/wp\/v2\/types\/page"}],"author":[{"embeddable":true,"href":"https:\/\/carsail.de\/en\/wp-json\/wp\/v2\/users\/1"}],"replies":[{"embeddable":true,"href":"https:\/\/carsail.de\/en\/wp-json\/wp\/v2\/comments?post=456"}],"version-history":[{"count":24,"href":"https:\/\/carsail.de\/en\/wp-json\/wp\/v2\/pages\/456\/revisions"}],"predecessor-version":[{"id":1850,"href":"https:\/\/carsail.de\/en\/wp-json\/wp\/v2\/pages\/456\/revisions\/1850"}],"wp:attachment":[{"href":"https:\/\/carsail.de\/en\/wp-json\/wp\/v2\/media?parent=456"}],"curies":[{"name":"wp","href":"https:\/\/api.w.org\/{rel}","templated":true}]}}